{"id":13,"date":"2023-07-23T13:21:50","date_gmt":"2023-07-23T11:21:50","guid":{"rendered":"https:\/\/steelcentersrl.it\/?page_id=13"},"modified":"2024-01-31T14:02:07","modified_gmt":"2024-01-31T13:02:07","slug":"servizi","status":"publish","type":"page","link":"https:\/\/steelcentersrl.it\/en\/servizi\/","title":{"rendered":"Services"},"content":{"rendered":"\t\t<div data-elementor-type=\"wp-page\" data-elementor-id=\"13\" class=\"elementor elementor-13\" data-elementor-post-type=\"page\">\n\t\t\t\t<div class=\"elementor-element elementor-element-6e44de1 e-flex e-con-boxed e-con e-parent\" data-id=\"6e44de1\" data-element_type=\"container\" data-e-type=\"container\" data-settings=\"{&quot;background_background&quot;:&quot;classic&quot;,&quot;background_motion_fx_motion_fx_scrolling&quot;:&quot;yes&quot;,&quot;background_motion_fx_translateY_effect&quot;:&quot;yes&quot;,&quot;background_motion_fx_translateY_speed&quot;:{&quot;unit&quot;:&quot;px&quot;,&quot;size&quot;:4,&quot;sizes&quot;:[]},&quot;background_motion_fx_translateY_affectedRange&quot;:{&quot;unit&quot;:&quot;%&quot;,&quot;size&quot;:&quot;&quot;,&quot;sizes&quot;:{&quot;start&quot;:0,&quot;end&quot;:100}},&quot;background_motion_fx_devices&quot;:[&quot;desktop&quot;,&quot;tablet&quot;,&quot;mobile&quot;]}\">\n\t\t\t\t\t<div class=\"e-con-inner\">\n\t\t<div class=\"elementor-element elementor-element-df89bca e-flex e-con-boxed e-con e-parent\" data-id=\"df89bca\" data-element_type=\"container\" data-e-type=\"container\">\n\t\t\t\t\t<div class=\"e-con-inner\">\n\t\t\t\t<div class=\"elementor-element elementor-element-a54b1b1 elementor-widget elementor-widget-heading\" data-id=\"a54b1b1\" data-element_type=\"widget\" data-e-type=\"widget\" data-widget_type=\"heading.default\">\n\t\t\t\t<div class=\"elementor-widget-container\">\n\t\t\t\t\t<h1 class=\"elementor-heading-title elementor-size-default\">Servizi e Qualit\u00e0<\/h1>\t\t\t\t<\/div>\n\t\t\t\t<\/div>\n\t\t\t\t\t<\/div>\n\t\t\t\t<\/div>\n\t\t\t\t\t<\/div>\n\t\t\t\t<\/div>\n\t\t<div class=\"elementor-element elementor-element-b478c1d e-flex e-con-boxed e-con e-parent\" data-id=\"b478c1d\" data-element_type=\"container\" data-e-type=\"container\">\n\t\t\t\t\t<div class=\"e-con-inner\">\n\t\t<div class=\"elementor-element elementor-element-62105d0 e-flex e-con-boxed e-con e-parent\" data-id=\"62105d0\" data-element_type=\"container\" data-e-type=\"container\">\n\t\t\t\t\t<div class=\"e-con-inner\">\n\t\t<div class=\"elementor-element elementor-element-2eebafe e-flex e-con-boxed e-con e-parent\" data-id=\"2eebafe\" data-element_type=\"container\" data-e-type=\"container\">\n\t\t\t\t\t<div class=\"e-con-inner\">\n\t\t<div class=\"elementor-element elementor-element-8a3b1db e-flex e-con-boxed elementor-invisible e-con e-parent\" data-id=\"8a3b1db\" data-element_type=\"container\" data-e-type=\"container\" data-settings=\"{&quot;background_background&quot;:&quot;classic&quot;,&quot;animation&quot;:&quot;fadeInLeft&quot;}\">\n\t\t\t\t\t<div class=\"e-con-inner\">\n\t\t\t\t<div class=\"elementor-element elementor-element-8562d64 elementor-widget elementor-widget-heading\" data-id=\"8562d64\" data-element_type=\"widget\" data-e-type=\"widget\" data-widget_type=\"heading.default\">\n\t\t\t\t<div class=\"elementor-widget-container\">\n\t\t\t\t\t<p class=\"elementor-heading-title elementor-size-default\">Qualit\u00e0<\/p>\t\t\t\t<\/div>\n\t\t\t\t<\/div>\n\t\t\t\t<div class=\"elementor-element elementor-element-082afab elementor-widget elementor-widget-heading\" data-id=\"082afab\" data-element_type=\"widget\" data-e-type=\"widget\" data-widget_type=\"heading.default\">\n\t\t\t\t<div class=\"elementor-widget-container\">\n\t\t\t\t\t<p class=\"elementor-heading-title elementor-size-default\">Il sistema di stoccaggio, gli impianti e macchinari, sono in continuo aggiornamento.<\/p>\t\t\t\t<\/div>\n\t\t\t\t<\/div>\n\t\t\t\t\t<\/div>\n\t\t\t\t<\/div>\n\t\t<div class=\"elementor-element elementor-element-bbc98bb e-flex e-con-boxed elementor-invisible e-con e-parent\" data-id=\"bbc98bb\" data-element_type=\"container\" data-e-type=\"container\" data-settings=\"{&quot;background_background&quot;:&quot;classic&quot;,&quot;animation&quot;:&quot;fadeInLeft&quot;,&quot;animation_delay&quot;:200}\">\n\t\t\t\t\t<div class=\"e-con-inner\">\n\t\t\t\t<div class=\"elementor-element elementor-element-ac8866d elementor-widget elementor-widget-heading\" data-id=\"ac8866d\" data-element_type=\"widget\" data-e-type=\"widget\" data-widget_type=\"heading.default\">\n\t\t\t\t<div class=\"elementor-widget-container\">\n\t\t\t\t\t<p class=\"elementor-heading-title elementor-size-default\">Vision<\/p>\t\t\t\t<\/div>\n\t\t\t\t<\/div>\n\t\t\t\t<div class=\"elementor-element elementor-element-0e08ede elementor-widget elementor-widget-heading\" data-id=\"0e08ede\" data-element_type=\"widget\" data-e-type=\"widget\" data-widget_type=\"heading.default\">\n\t\t\t\t<div class=\"elementor-widget-container\">\n\t\t\t\t\t<p class=\"elementor-heading-title elementor-size-default\">Crediamo nell'Industria 4.0 e nel continuo sviluppo tecnologico.<\/p>\t\t\t\t<\/div>\n\t\t\t\t<\/div>\n\t\t\t\t\t<\/div>\n\t\t\t\t<\/div>\n\t\t<div class=\"elementor-element elementor-element-b5f0cf6 e-flex e-con-boxed elementor-invisible e-con e-parent\" data-id=\"b5f0cf6\" data-element_type=\"container\" data-e-type=\"container\" data-settings=\"{&quot;background_background&quot;:&quot;classic&quot;,&quot;animation&quot;:&quot;fadeInLeft&quot;,&quot;animation_delay&quot;:400}\">\n\t\t\t\t\t<div class=\"e-con-inner\">\n\t\t\t\t<div class=\"elementor-element elementor-element-b196f1a elementor-widget elementor-widget-heading\" data-id=\"b196f1a\" data-element_type=\"widget\" data-e-type=\"widget\" data-widget_type=\"heading.default\">\n\t\t\t\t<div class=\"elementor-widget-container\">\n\t\t\t\t\t<p class=\"elementor-heading-title elementor-size-default\">Assistenza<\/p>\t\t\t\t<\/div>\n\t\t\t\t<\/div>\n\t\t\t\t<div class=\"elementor-element elementor-element-8a93d9d elementor-widget elementor-widget-heading\" data-id=\"8a93d9d\" data-element_type=\"widget\" data-e-type=\"widget\" data-widget_type=\"heading.default\">\n\t\t\t\t<div class=\"elementor-widget-container\">\n\t\t\t\t\t<p class=\"elementor-heading-title elementor-size-default\">Coi nostri automezzi saremo in consegna da Voi in 24\/48 ore.<\/p>\t\t\t\t<\/div>\n\t\t\t\t<\/div>\n\t\t\t\t\t<\/div>\n\t\t\t\t<\/div>\n\t\t\t\t\t<\/div>\n\t\t\t\t<\/div>\n\t\t<div class=\"elementor-element elementor-element-06c108a e-flex e-con-boxed elementor-invisible e-con e-parent\" data-id=\"06c108a\" data-element_type=\"container\" data-e-type=\"container\" data-settings=\"{&quot;background_background&quot;:&quot;classic&quot;,&quot;animation&quot;:&quot;fadeInRight&quot;}\">\n\t\t\t\t\t<div class=\"e-con-inner\">\n\t\t\t\t<div class=\"elementor-element elementor-element-11b89b5 elementor-widget elementor-widget-heading\" data-id=\"11b89b5\" data-element_type=\"widget\" data-e-type=\"widget\" data-widget_type=\"heading.default\">\n\t\t\t\t<div class=\"elementor-widget-container\">\n\t\t\t\t\t<p class=\"elementor-heading-title elementor-size-default\">Servizi<\/p>\t\t\t\t<\/div>\n\t\t\t\t<\/div>\n\t\t<div class=\"elementor-element elementor-element-74e8ffb e-flex e-con-boxed e-con e-parent\" data-id=\"74e8ffb\" data-element_type=\"container\" data-e-type=\"container\">\n\t\t\t\t\t<div class=\"e-con-inner\">\n\t\t\t\t<div class=\"elementor-element elementor-element-dd18526 elementor-widget elementor-widget-heading\" data-id=\"dd18526\" data-element_type=\"widget\" data-e-type=\"widget\" data-widget_type=\"heading.default\">\n\t\t\t\t<div class=\"elementor-widget-container\">\n\t\t\t\t\t<p class=\"elementor-heading-title elementor-size-default\">Questo ci permette di evadere velocemente gli ordini e allo stesso tempo di avere un controllo qualitativo costante in ogni fase della preparazione dei prodotti.<\/p>\t\t\t\t<\/div>\n\t\t\t\t<\/div>\n\t\t\t\t<div class=\"elementor-element elementor-element-ea23db8 elementor-widget elementor-widget-heading\" data-id=\"ea23db8\" data-element_type=\"widget\" data-e-type=\"widget\" data-widget_type=\"heading.default\">\n\t\t\t\t<div class=\"elementor-widget-container\">\n\t\t\t\t\t<p class=\"elementor-heading-title elementor-size-default\">Disponiamo di troncatrici e segatrici a nastro automatiche, per poter offrire il pi\u00f9 celere servizio di taglio a misura in tempi decisamente competitivi.<\/p>\t\t\t\t<\/div>\n\t\t\t\t<\/div>\n\t\t\t\t\t<\/div>\n\t\t\t\t<\/div>\n\t\t\t\t\t<\/div>\n\t\t\t\t<\/div>\n\t\t\t\t\t<\/div>\n\t\t\t\t<\/div>\n\t\t<div class=\"elementor-element elementor-element-ba00d75 e-flex e-con-boxed e-con e-parent\" data-id=\"ba00d75\" data-element_type=\"container\" data-e-type=\"container\" data-settings=\"{&quot;background_background&quot;:&quot;classic&quot;}\">\n\t\t\t\t\t<div class=\"e-con-inner\">\n\t\t\t\t<div class=\"elementor-element elementor-element-caeeb6a elementor-widget elementor-widget-image\" data-id=\"caeeb6a\" data-element_type=\"widget\" data-e-type=\"widget\" data-widget_type=\"image.default\">\n\t\t\t\t<div class=\"elementor-widget-container\">\n\t\t\t\t\t\t\t\t\t\t\t\t\t\t\t<img fetchpriority=\"high\" decoding=\"async\" width=\"800\" height=\"344\" src=\"https:\/\/steelcentersrl.it\/wp-content\/uploads\/2023\/08\/group-46.webp\" class=\"attachment-large size-large wp-image-471\" alt=\"\" srcset=\"https:\/\/steelcentersrl.it\/wp-content\/uploads\/2023\/08\/group-46.webp 1000w, https:\/\/steelcentersrl.it\/wp-content\/uploads\/2023\/08\/group-46-600x258.webp 600w, https:\/\/steelcentersrl.it\/wp-content\/uploads\/2023\/08\/group-46-300x129.webp 300w, https:\/\/steelcentersrl.it\/wp-content\/uploads\/2023\/08\/group-46-768x330.webp 768w\" sizes=\"(max-width: 800px) 100vw, 800px\" \/>\t\t\t\t\t\t\t\t\t\t\t\t\t\t\t<\/div>\n\t\t\t\t<\/div>\n\t\t\t\t<div class=\"elementor-element elementor-element-4612b8b elementor-widget elementor-widget-heading\" data-id=\"4612b8b\" data-element_type=\"widget\" data-e-type=\"widget\" data-widget_type=\"heading.default\">\n\t\t\t\t<div class=\"elementor-widget-container\">\n\t\t\t\t\t<h2 class=\"elementor-heading-title elementor-size-default\">Hai bisogno di maggiori informazioni?<\/h2>\t\t\t\t<\/div>\n\t\t\t\t<\/div>\n\t\t\t\t<div class=\"elementor-element elementor-element-e60fc51 elementor-align-center elementor-mobile-align-justify elementor-widget elementor-widget-button\" data-id=\"e60fc51\" data-element_type=\"widget\" data-e-type=\"widget\" data-widget_type=\"button.default\">\n\t\t\t\t<div class=\"elementor-widget-container\">\n\t\t\t\t\t\t\t\t\t<div class=\"elementor-button-wrapper\">\n\t\t\t\t\t<a class=\"elementor-button elementor-button-link elementor-size-sm\" href=\"https:\/\/steelcentersrl.it\/contatti\/\">\n\t\t\t\t\t\t<span class=\"elementor-button-content-wrapper\">\n\t\t\t\t\t\t<span class=\"elementor-button-icon\">\n\t\t\t\t<i aria-hidden=\"true\" class=\"fas fa-phone-alt\"><\/i>\t\t\t<\/span>\n\t\t\t\t\t\t\t\t\t<span class=\"elementor-button-text\">Contattaci<\/span>\n\t\t\t\t\t<\/span>\n\t\t\t\t\t<\/a>\n\t\t\t\t<\/div>\n\t\t\t\t\t\t\t\t<\/div>\n\t\t\t\t<\/div>\n\t\t\t\t\t<\/div>\n\t\t\t\t<\/div>\n\t\t\t\t\t<\/div>\n\t\t\t\t<\/div>\n\t\t\t\t<\/div>\n\t\t","protected":false},"excerpt":{"rendered":"<p>Servizi e Qualit\u00e0 Qualit\u00e0 Il sistema di stoccaggio, gli impianti e macchinari, sono in continuo aggiornamento. Vision Crediamo nell&#8217;Industria 4.0 e nel continuo sviluppo tecnologico. Assistenza Coi nostri automezzi saremo in consegna da Voi in 24\/48 ore. Servizi Questo ci permette di evadere velocemente gli ordini e allo stesso tempo di avere un controllo qualitativo [&hellip;]<\/p>\n","protected":false},"author":1,"featured_media":35,"parent":0,"menu_order":0,"comment_status":"closed","ping_status":"closed","template":"","meta":{"_acf_changed":false,"footnotes":""},"class_list":["post-13","page","type-page","status-publish","has-post-thumbnail","hentry"],"acf":[],"yoast_head":"<!-- This site is optimized with the Yoast SEO plugin v27.3 - https:\/\/yoast.com\/product\/yoast-seo-wordpress\/ -->\n<title>Steel Center SRL - Servizi | Qualit\u00e0, Rapidit\u00e0 e Assistenza a Milano<\/title>\n<meta name=\"description\" content=\"Scopri i nostri Servizi a Milano. Grazie alla qualit\u00e0 dei nostri macchinari, riusciamo ad evadere gli Ordini richiesti entro 48 Ore.\" \/>\n<meta name=\"robots\" content=\"index, follow, max-snippet:-1, max-image-preview:large, max-video-preview:-1\" \/>\n<link rel=\"canonical\" href=\"https:\/\/steelcentersrl.it\/en\/servizi\/\" \/>\n<meta property=\"og:locale\" content=\"en_GB\" \/>\n<meta property=\"og:type\" content=\"article\" \/>\n<meta property=\"og:title\" content=\"Steel Center SRL - Servizi | Qualit\u00e0, Rapidit\u00e0 e Assistenza a Milano\" \/>\n<meta property=\"og:description\" content=\"Scopri i nostri Servizi a Milano. Grazie alla qualit\u00e0 dei nostri macchinari, riusciamo ad evadere gli Ordini richiesti entro 48 Ore.\" \/>\n<meta property=\"og:url\" content=\"https:\/\/steelcentersrl.it\/en\/servizi\/\" \/>\n<meta property=\"og:site_name\" content=\"Steel Center SRL\" \/>\n<meta property=\"article:modified_time\" content=\"2024-01-31T13:02:07+00:00\" \/>\n<meta property=\"og:image\" content=\"http:\/\/steelcentersrl.it\/wp-content\/uploads\/2023\/07\/Favicon-Steel-Center.png\" \/>\n\t<meta property=\"og:image:width\" content=\"1000\" \/>\n\t<meta property=\"og:image:height\" content=\"1000\" \/>\n\t<meta property=\"og:image:type\" content=\"image\/png\" \/>\n<meta name=\"twitter:card\" content=\"summary_large_image\" \/>\n<meta name=\"twitter:title\" content=\"Steel Center SRL - I nostri Servizi | Qualit\u00e0, Rapidit\u00e0 e Assistenza\" \/>\n<meta name=\"twitter:description\" content=\"Scopri i nostri Servizi. Grazie alla qualit\u00e0 dei nostri macchinari, riusciamo ad evadere gli Ordini richiesti entro 48 Ore.\" \/>\n<meta name=\"twitter:image\" content=\"https:\/\/steelcentersrl.it\/wp-content\/uploads\/2023\/07\/Favicon-Steel-Center.png\" \/>\n<meta name=\"twitter:label1\" content=\"Estimated reading time\" \/>\n\t<meta name=\"twitter:data1\" content=\"1 minute\" \/>\n<script type=\"application\/ld+json\" class=\"yoast-schema-graph\">{\"@context\":\"https:\\\/\\\/schema.org\",\"@graph\":[{\"@type\":\"WebPage\",\"@id\":\"https:\\\/\\\/steelcentersrl.it\\\/servizi\\\/\",\"url\":\"https:\\\/\\\/steelcentersrl.it\\\/servizi\\\/\",\"name\":\"Steel Center SRL - Servizi | Qualit\u00e0, Rapidit\u00e0 e Assistenza a Milano\",\"isPartOf\":{\"@id\":\"https:\\\/\\\/steelcentersrl.it\\\/en\\\/#website\"},\"primaryImageOfPage\":{\"@id\":\"https:\\\/\\\/steelcentersrl.it\\\/servizi\\\/#primaryimage\"},\"image\":{\"@id\":\"https:\\\/\\\/steelcentersrl.it\\\/servizi\\\/#primaryimage\"},\"thumbnailUrl\":\"https:\\\/\\\/steelcentersrl.it\\\/wp-content\\\/uploads\\\/2023\\\/07\\\/Favicon-Steel-Center.png\",\"datePublished\":\"2023-07-23T11:21:50+00:00\",\"dateModified\":\"2024-01-31T13:02:07+00:00\",\"description\":\"Scopri i nostri Servizi a Milano. Grazie alla qualit\u00e0 dei nostri macchinari, riusciamo ad evadere gli Ordini richiesti entro 48 Ore.\",\"breadcrumb\":{\"@id\":\"https:\\\/\\\/steelcentersrl.it\\\/servizi\\\/#breadcrumb\"},\"inLanguage\":\"en-GB\",\"potentialAction\":[{\"@type\":\"ReadAction\",\"target\":[\"https:\\\/\\\/steelcentersrl.it\\\/servizi\\\/\"]}]},{\"@type\":\"ImageObject\",\"inLanguage\":\"en-GB\",\"@id\":\"https:\\\/\\\/steelcentersrl.it\\\/servizi\\\/#primaryimage\",\"url\":\"https:\\\/\\\/steelcentersrl.it\\\/wp-content\\\/uploads\\\/2023\\\/07\\\/Favicon-Steel-Center.png\",\"contentUrl\":\"https:\\\/\\\/steelcentersrl.it\\\/wp-content\\\/uploads\\\/2023\\\/07\\\/Favicon-Steel-Center.png\",\"width\":1000,\"height\":1000},{\"@type\":\"BreadcrumbList\",\"@id\":\"https:\\\/\\\/steelcentersrl.it\\\/servizi\\\/#breadcrumb\",\"itemListElement\":[{\"@type\":\"ListItem\",\"position\":1,\"name\":\"Home\",\"item\":\"https:\\\/\\\/steelcentersrl.it\\\/\"},{\"@type\":\"ListItem\",\"position\":2,\"name\":\"Servizi\"}]},{\"@type\":\"WebSite\",\"@id\":\"https:\\\/\\\/steelcentersrl.it\\\/en\\\/#website\",\"url\":\"https:\\\/\\\/steelcentersrl.it\\\/en\\\/\",\"name\":\"Steel Center SRL\",\"description\":\"Azienda di Prodotti Siderurgici | Acciaio Inox | Acciaio Inossidabile\",\"publisher\":{\"@id\":\"https:\\\/\\\/steelcentersrl.it\\\/en\\\/#organization\"},\"potentialAction\":[{\"@type\":\"SearchAction\",\"target\":{\"@type\":\"EntryPoint\",\"urlTemplate\":\"https:\\\/\\\/steelcentersrl.it\\\/en\\\/?s={search_term_string}\"},\"query-input\":{\"@type\":\"PropertyValueSpecification\",\"valueRequired\":true,\"valueName\":\"search_term_string\"}}],\"inLanguage\":\"en-GB\"},{\"@type\":\"Organization\",\"@id\":\"https:\\\/\\\/steelcentersrl.it\\\/en\\\/#organization\",\"name\":\"Steel Center SRL\",\"alternateName\":\"Steel Center\",\"url\":\"https:\\\/\\\/steelcentersrl.it\\\/en\\\/\",\"logo\":{\"@type\":\"ImageObject\",\"inLanguage\":\"en-GB\",\"@id\":\"https:\\\/\\\/steelcentersrl.it\\\/en\\\/#\\\/schema\\\/logo\\\/image\\\/\",\"url\":\"https:\\\/\\\/steelcentersrl.it\\\/wp-content\\\/uploads\\\/2023\\\/09\\\/Logo-Steel-Center.png\",\"contentUrl\":\"https:\\\/\\\/steelcentersrl.it\\\/wp-content\\\/uploads\\\/2023\\\/09\\\/Logo-Steel-Center.png\",\"width\":1506,\"height\":300,\"caption\":\"Steel Center SRL\"},\"image\":{\"@id\":\"https:\\\/\\\/steelcentersrl.it\\\/en\\\/#\\\/schema\\\/logo\\\/image\\\/\"}}]}<\/script>\n<!-- \/ Yoast SEO plugin. -->","yoast_head_json":{"title":"Steel Center SRL - Servizi | Qualit\u00e0, Rapidit\u00e0 e Assistenza a Milano","description":"Scopri i nostri Servizi a Milano. Grazie alla qualit\u00e0 dei nostri macchinari, riusciamo ad evadere gli Ordini richiesti entro 48 Ore.","robots":{"index":"index","follow":"follow","max-snippet":"max-snippet:-1","max-image-preview":"max-image-preview:large","max-video-preview":"max-video-preview:-1"},"canonical":"https:\/\/steelcentersrl.it\/en\/servizi\/","og_locale":"en_GB","og_type":"article","og_title":"Steel Center SRL - Servizi | Qualit\u00e0, Rapidit\u00e0 e Assistenza a Milano","og_description":"Scopri i nostri Servizi a Milano. Grazie alla qualit\u00e0 dei nostri macchinari, riusciamo ad evadere gli Ordini richiesti entro 48 Ore.","og_url":"https:\/\/steelcentersrl.it\/en\/servizi\/","og_site_name":"Steel Center SRL","article_modified_time":"2024-01-31T13:02:07+00:00","og_image":[{"width":1000,"height":1000,"url":"http:\/\/steelcentersrl.it\/wp-content\/uploads\/2023\/07\/Favicon-Steel-Center.png","type":"image\/png"}],"twitter_card":"summary_large_image","twitter_title":"Steel Center SRL - I nostri Servizi | Qualit\u00e0, Rapidit\u00e0 e Assistenza","twitter_description":"Scopri i nostri Servizi. Grazie alla qualit\u00e0 dei nostri macchinari, riusciamo ad evadere gli Ordini richiesti entro 48 Ore.","twitter_image":"https:\/\/steelcentersrl.it\/wp-content\/uploads\/2023\/07\/Favicon-Steel-Center.png","twitter_misc":{"Estimated reading time":"1 minute"},"schema":{"@context":"https:\/\/schema.org","@graph":[{"@type":"WebPage","@id":"https:\/\/steelcentersrl.it\/servizi\/","url":"https:\/\/steelcentersrl.it\/servizi\/","name":"Steel Center SRL - Servizi | Qualit\u00e0, Rapidit\u00e0 e Assistenza a Milano","isPartOf":{"@id":"https:\/\/steelcentersrl.it\/en\/#website"},"primaryImageOfPage":{"@id":"https:\/\/steelcentersrl.it\/servizi\/#primaryimage"},"image":{"@id":"https:\/\/steelcentersrl.it\/servizi\/#primaryimage"},"thumbnailUrl":"https:\/\/steelcentersrl.it\/wp-content\/uploads\/2023\/07\/Favicon-Steel-Center.png","datePublished":"2023-07-23T11:21:50+00:00","dateModified":"2024-01-31T13:02:07+00:00","description":"Scopri i nostri Servizi a Milano. Grazie alla qualit\u00e0 dei nostri macchinari, riusciamo ad evadere gli Ordini richiesti entro 48 Ore.","breadcrumb":{"@id":"https:\/\/steelcentersrl.it\/servizi\/#breadcrumb"},"inLanguage":"en-GB","potentialAction":[{"@type":"ReadAction","target":["https:\/\/steelcentersrl.it\/servizi\/"]}]},{"@type":"ImageObject","inLanguage":"en-GB","@id":"https:\/\/steelcentersrl.it\/servizi\/#primaryimage","url":"https:\/\/steelcentersrl.it\/wp-content\/uploads\/2023\/07\/Favicon-Steel-Center.png","contentUrl":"https:\/\/steelcentersrl.it\/wp-content\/uploads\/2023\/07\/Favicon-Steel-Center.png","width":1000,"height":1000},{"@type":"BreadcrumbList","@id":"https:\/\/steelcentersrl.it\/servizi\/#breadcrumb","itemListElement":[{"@type":"ListItem","position":1,"name":"Home","item":"https:\/\/steelcentersrl.it\/"},{"@type":"ListItem","position":2,"name":"Servizi"}]},{"@type":"WebSite","@id":"https:\/\/steelcentersrl.it\/en\/#website","url":"https:\/\/steelcentersrl.it\/en\/","name":"Steel Center SRL","description":"Azienda di Prodotti Siderurgici | Acciaio Inox | Acciaio Inossidabile","publisher":{"@id":"https:\/\/steelcentersrl.it\/en\/#organization"},"potentialAction":[{"@type":"SearchAction","target":{"@type":"EntryPoint","urlTemplate":"https:\/\/steelcentersrl.it\/en\/?s={search_term_string}"},"query-input":{"@type":"PropertyValueSpecification","valueRequired":true,"valueName":"search_term_string"}}],"inLanguage":"en-GB"},{"@type":"Organization","@id":"https:\/\/steelcentersrl.it\/en\/#organization","name":"Steel Center SRL","alternateName":"Steel Center","url":"https:\/\/steelcentersrl.it\/en\/","logo":{"@type":"ImageObject","inLanguage":"en-GB","@id":"https:\/\/steelcentersrl.it\/en\/#\/schema\/logo\/image\/","url":"https:\/\/steelcentersrl.it\/wp-content\/uploads\/2023\/09\/Logo-Steel-Center.png","contentUrl":"https:\/\/steelcentersrl.it\/wp-content\/uploads\/2023\/09\/Logo-Steel-Center.png","width":1506,"height":300,"caption":"Steel Center SRL"},"image":{"@id":"https:\/\/steelcentersrl.it\/en\/#\/schema\/logo\/image\/"}}]}},"_links":{"self":[{"href":"https:\/\/steelcentersrl.it\/en\/wp-json\/wp\/v2\/pages\/13","targetHints":{"allow":["GET"]}}],"collection":[{"href":"https:\/\/steelcentersrl.it\/en\/wp-json\/wp\/v2\/pages"}],"about":[{"href":"https:\/\/steelcentersrl.it\/en\/wp-json\/wp\/v2\/types\/page"}],"author":[{"embeddable":true,"href":"https:\/\/steelcentersrl.it\/en\/wp-json\/wp\/v2\/users\/1"}],"replies":[{"embeddable":true,"href":"https:\/\/steelcentersrl.it\/en\/wp-json\/wp\/v2\/comments?post=13"}],"version-history":[{"count":24,"href":"https:\/\/steelcentersrl.it\/en\/wp-json\/wp\/v2\/pages\/13\/revisions"}],"predecessor-version":[{"id":3495,"href":"https:\/\/steelcentersrl.it\/en\/wp-json\/wp\/v2\/pages\/13\/revisions\/3495"}],"wp:featuredmedia":[{"embeddable":true,"href":"https:\/\/steelcentersrl.it\/en\/wp-json\/wp\/v2\/media\/35"}],"wp:attachment":[{"href":"https:\/\/steelcentersrl.it\/en\/wp-json\/wp\/v2\/media?parent=13"}],"curies":[{"name":"wp","href":"https:\/\/api.w.org\/{rel}","templated":true}]}}